{"id":220,"date":"2021-05-04T19:56:55","date_gmt":"2021-05-04T19:56:55","guid":{"rendered":"https:\/\/hausganahl.at\/?page_id=220"},"modified":"2021-05-04T20:20:28","modified_gmt":"2021-05-04T20:20:28","slug":"teluro","status":"publish","type":"page","link":"https:\/\/hausganahl.at\/","title":{"rendered":"Herzlich Willkommen"},"content":{"rendered":"\n\n\n\n<header class=\"post-header entry-header\">\n<div class=\"entry-meta\">&nbsp;<\/div>\n<\/header>\n<div class=\"entry-content\">\n<p>Wir, Gertrud &amp; Ludwig Ganahl, hei\u00dfen Sie herzlich Willkommen.<\/p>\n<p>Sie wollen Ihre Seele baumeln lassen, die Natur in all Ihren Facetten genie\u00dfen, traumhafte Sonnenauf- &amp; unterg\u00e4nge genie\u00dfen und noch vieles mehr?<\/p>\n<p>Dann kontaktieren Sie uns. Wir freuen uns<\/p>\n<p>Ihre Familie Ganahl<\/p>\n<\/div>","protected":false},"excerpt":{"rendered":"<p>&nbsp; Wir, Gertrud &amp; Ludwig Ganahl, hei\u00dfen Sie herzlich Willkommen. Sie wollen Ihre Seele baumeln lassen, die Natur in all Ihren Facetten genie\u00dfen, traumhafte Sonnenauf- [&#8230;]<\/p>\n","protected":false},"author":2,"featured_media":0,"parent":0,"menu_order":0,"comment_status":"closed","ping_status":"closed","template":"templates\/template-fullwidth.php","meta":{"ngg_post_thumbnail":0,"footnotes":""},"class_list":["post-220","page","type-page","status-publish","hentry"],"_links":{"self":[{"href":"https:\/\/hausganahl.at\/index.php?rest_route=\/wp\/v2\/pages\/220","targetHints":{"allow":["GET"]}}],"collection":[{"href":"https:\/\/hausganahl.at\/index.php?rest_route=\/wp\/v2\/pages"}],"about":[{"href":"https:\/\/hausganahl.at\/index.php?rest_route=\/wp\/v2\/types\/page"}],"author":[{"embeddable":true,"href":"https:\/\/hausganahl.at\/index.php?rest_route=\/wp\/v2\/users\/2"}],"replies":[{"embeddable":true,"href":"https:\/\/hausganahl.at\/index.php?rest_route=%2Fwp%2Fv2%2Fcomments&post=220"}],"version-history":[{"count":4,"href":"https:\/\/hausganahl.at\/index.php?rest_route=\/wp\/v2\/pages\/220\/revisions"}],"predecessor-version":[{"id":248,"href":"https:\/\/hausganahl.at\/index.php?rest_route=\/wp\/v2\/pages\/220\/revisions\/248"}],"wp:attachment":[{"href":"https:\/\/hausganahl.at\/index.php?rest_route=%2Fwp%2Fv2%2Fmedia&parent=220"}],"curies":[{"name":"wp","href":"https:\/\/api.w.org\/{rel}","templated":true}]}}