{"id":2,"date":"2011-02-17T12:40:20","date_gmt":"2011-02-17T12:40:20","guid":{"rendered":"http:\/\/hausganahl.at\/?page_id=2"},"modified":"2021-05-04T20:40:00","modified_gmt":"2021-05-04T20:40:00","slug":"eine-seite","status":"publish","type":"page","link":"https:\/\/hausganahl.at\/?page_id=2","title":{"rendered":"Ferienwohnung"},"content":{"rendered":"<ul>\n<li>gem\u00fctliche 40m\u00b2<\/li>\n<li>f\u00fcr 2 bis 3 Personen<\/li>\n<li>ebenerdig mit eingenem Eingang &amp; eigener Terasse<\/li>\n<li>1 Doppelzimmer mit zus\u00e4tzlicher Liege f\u00fcr 1 Person<\/li>\n<li>Wohnk\u00fcche mit Essecke, Couch, TV &amp; Radio<\/li>\n<li>K\u00fcche mit Geschirrsp\u00fcler, Kaffeemaschine &amp; Mikrowelle<\/li>\n<li>Dusche mit&nbsp; WC, F\u00f6hn<\/li>\n<li>Flur mit Garderobe<\/li>\n<li>Bettw\u00e4sche, Hand- &amp; Geschirrt\u00fccher sind vorhanden<\/li>\n<\/ul>\n<p>&nbsp;<\/p>\n<p>&nbsp;<\/p>\n<p>&nbsp;<\/p>\n<p>&nbsp;<\/p>\n<p>&nbsp;<\/p>\n<p>&nbsp;<\/p>\n<p>&nbsp;<\/p>\n<p>&nbsp;<\/p>\n<p>&nbsp;<\/p>\n<p>&nbsp;<\/p>\n<p>&nbsp;<\/p>\n\n\n<p><\/p>\n","protected":false},"excerpt":{"rendered":"<p>gem\u00fctliche 40m\u00b2 f\u00fcr 2 bis 3 Personen ebenerdig mit eingenem Eingang &amp; eigener Terasse 1 Doppelzimmer mit zus\u00e4tzlicher Liege f\u00fcr 1 Person Wohnk\u00fcche mit Essecke, [&#8230;]<\/p>\n","protected":false},"author":3,"featured_media":0,"parent":0,"menu_order":2,"comment_status":"closed","ping_status":"closed","template":"","meta":{"ngg_post_thumbnail":0,"footnotes":""},"class_list":["post-2","page","type-page","status-publish","hentry"],"_links":{"self":[{"href":"https:\/\/hausganahl.at\/index.php?rest_route=\/wp\/v2\/pages\/2","targetHints":{"allow":["GET"]}}],"collection":[{"href":"https:\/\/hausganahl.at\/index.php?rest_route=\/wp\/v2\/pages"}],"about":[{"href":"https:\/\/hausganahl.at\/index.php?rest_route=\/wp\/v2\/types\/page"}],"author":[{"embeddable":true,"href":"https:\/\/hausganahl.at\/index.php?rest_route=\/wp\/v2\/users\/3"}],"replies":[{"embeddable":true,"href":"https:\/\/hausganahl.at\/index.php?rest_route=%2Fwp%2Fv2%2Fcomments&post=2"}],"version-history":[{"count":15,"href":"https:\/\/hausganahl.at\/index.php?rest_route=\/wp\/v2\/pages\/2\/revisions"}],"predecessor-version":[{"id":260,"href":"https:\/\/hausganahl.at\/index.php?rest_route=\/wp\/v2\/pages\/2\/revisions\/260"}],"wp:attachment":[{"href":"https:\/\/hausganahl.at\/index.php?rest_route=%2Fwp%2Fv2%2Fmedia&parent=2"}],"curies":[{"name":"wp","href":"https:\/\/api.w.org\/{rel}","templated":true}]}}